{"id":588,"date":"2018-05-16T13:04:01","date_gmt":"2018-05-16T13:04:01","guid":{"rendered":"https:\/\/matchthemes.com\/demowp\/caverta\/?page_id=588"},"modified":"2021-07-28T17:36:08","modified_gmt":"2021-07-28T17:36:08","slug":"home","status":"publish","type":"page","link":"https:\/\/groupefloasia.com\/maison\/","title":{"rendered":"Home"},"content":{"rendered":"\t\t<div data-elementor-type=\"wp-post\" data-elementor-id=\"588\" class=\"elementor elementor-588\" data-elementor-settings=\"[]\">\n\t\t\t\t\t\t\t<div class=\"elementor-section-wrap\">\n\t\t\t\t\t\t\t<section class=\"elementor-section elementor-top-section elementor-element elementor-element-19607371 elementor-section-content-middle elementor-section-boxed elementor-section-height-default elementor-section-height-default\" data-id=\"19607371\" data-element_type=\"section\" data-settings=\"{&quot;background_background&quot;:&quot;classic&quot;}\">\n\t\t\t\t\t\t<div class=\"elementor-container elementor-column-gap-default\">\n\t\t\t\t\t<div class=\"elementor-column elementor-col-33 elementor-top-column elementor-element elementor-element-422071f\" data-id=\"422071f\" data-element_type=\"column\">\n\t\t\t<div class=\"elementor-widget-wrap elementor-element-populated\">\n\t\t\t\t\t\t\t\t<div class=\"elementor-element elementor-element-4436925 elementor-widget elementor-widget-image\" data-id=\"4436925\" data-element_type=\"widget\" data-widget_type=\"image.default\">\n\t\t\t\t<div class=\"elementor-widget-container\">\n\t\t\t\t\t\t\t\t\t\t\t\t\t\t\t<img loading=\"lazy\" decoding=\"async\" width=\"1417\" height=\"2126\" src=\"https:\/\/groupefloasia.com\/maison\/wp-content\/uploads\/2021\/04\/dinning.001.jpeg\" class=\"attachment-full size-full\" alt=\"\" srcset=\"https:\/\/groupefloasia.com\/maison\/wp-content\/uploads\/2021\/04\/dinning.001.jpeg 1417w, https:\/\/groupefloasia.com\/maison\/wp-content\/uploads\/2021\/04\/dinning.001-200x300.jpeg 200w, https:\/\/groupefloasia.com\/maison\/wp-content\/uploads\/2021\/04\/dinning.001-683x1024.jpeg 683w, https:\/\/groupefloasia.com\/maison\/wp-content\/uploads\/2021\/04\/dinning.001-768x1152.jpeg 768w, https:\/\/groupefloasia.com\/maison\/wp-content\/uploads\/2021\/04\/dinning.001-1024x1536.jpeg 1024w, https:\/\/groupefloasia.com\/maison\/wp-content\/uploads\/2021\/04\/dinning.001-1365x2048.jpeg 1365w\" sizes=\"auto, (max-width: 1417px) 100vw, 1417px\" \/>\t\t\t\t\t\t\t\t\t\t\t\t\t\t\t<\/div>\n\t\t\t\t<\/div>\n\t\t\t\t\t<\/div>\n\t\t<\/div>\n\t\t\t\t<div class=\"elementor-column elementor-col-33 elementor-top-column elementor-element elementor-element-d612ff0\" data-id=\"d612ff0\" data-element_type=\"column\">\n\t\t\t<div class=\"elementor-widget-wrap elementor-element-populated\">\n\t\t\t\t\t\t\t\t<div class=\"elementor-element elementor-element-49213e3 elementor-widget elementor-widget-text-editor\" data-id=\"49213e3\" data-element_type=\"widget\" data-widget_type=\"text-editor.default\">\n\t\t\t\t<div class=\"elementor-widget-container\">\n\t\t\t\t\t\t\t\t<div class=\"smalltitle margin-b16\">Bienvenue<\/div><h2 class=\"home-title\">Introduction<\/h2><p>In French \u2018Maison\u2019 means home, the sights, smells and flavour of FLO always embody every aspect of the good life. The distinction of Maison FLO elevated to new heights the service, attention to detail and mystic of this iconic outpost of French gastronomic excellence.<\/p><p><a class=\"view-more margin-t24\" href=\"https:\/\/flo.cn\/maison\/signature\/\">see signature<\/a><\/p>\t\t\t\t\t\t<\/div>\n\t\t\t\t<\/div>\n\t\t\t\t\t<\/div>\n\t\t<\/div>\n\t\t\t\t<div class=\"elementor-column elementor-col-33 elementor-top-column elementor-element elementor-element-7d48ed9\" data-id=\"7d48ed9\" data-element_type=\"column\">\n\t\t\t<div class=\"elementor-widget-wrap elementor-element-populated\">\n\t\t\t\t\t\t\t\t<div class=\"elementor-element elementor-element-b875576 elementor-widget elementor-widget-image\" data-id=\"b875576\" data-element_type=\"widget\" data-widget_type=\"image.default\">\n\t\t\t\t<div class=\"elementor-widget-container\">\n\t\t\t\t\t\t\t\t\t\t\t\t\t\t\t<img loading=\"lazy\" decoding=\"async\" width=\"1080\" height=\"1620\" src=\"https:\/\/groupefloasia.com\/maison\/wp-content\/uploads\/2021\/04\/dinning.001-1.jpeg\" class=\"attachment-full size-full\" alt=\"\" srcset=\"https:\/\/groupefloasia.com\/maison\/wp-content\/uploads\/2021\/04\/dinning.001-1.jpeg 1080w, https:\/\/groupefloasia.com\/maison\/wp-content\/uploads\/2021\/04\/dinning.001-1-200x300.jpeg 200w, https:\/\/groupefloasia.com\/maison\/wp-content\/uploads\/2021\/04\/dinning.001-1-683x1024.jpeg 683w, https:\/\/groupefloasia.com\/maison\/wp-content\/uploads\/2021\/04\/dinning.001-1-768x1152.jpeg 768w, https:\/\/groupefloasia.com\/maison\/wp-content\/uploads\/2021\/04\/dinning.001-1-1024x1536.jpeg 1024w\" sizes=\"auto, (max-width: 1080px) 100vw, 1080px\" \/>\t\t\t\t\t\t\t\t\t\t\t\t\t\t\t<\/div>\n\t\t\t\t<\/div>\n\t\t\t\t\t<\/div>\n\t\t<\/div>\n\t\t\t\t\t\t\t<\/div>\n\t\t<\/section>\n\t\t\t\t<section class=\"elementor-section elementor-top-section elementor-element elementor-element-459148f elementor-section-stretched elementor-section-boxed elementor-section-height-default elementor-section-height-default\" data-id=\"459148f\" data-element_type=\"section\" data-settings=\"{&quot;stretch_section&quot;:&quot;section-stretched&quot;,&quot;background_background&quot;:&quot;classic&quot;}\">\n\t\t\t\t\t\t\t<div class=\"elementor-background-overlay\"><\/div>\n\t\t\t\t\t\t\t<div class=\"elementor-container elementor-column-gap-default\">\n\t\t\t\t\t<div class=\"elementor-column elementor-col-100 elementor-top-column elementor-element elementor-element-bcbfb14\" data-id=\"bcbfb14\" data-element_type=\"column\">\n\t\t\t<div class=\"elementor-widget-wrap elementor-element-populated\">\n\t\t\t\t\t\t\t\t<div class=\"elementor-element elementor-element-f07bef5 elementor-widget elementor-widget-text-editor\" data-id=\"f07bef5\" data-element_type=\"widget\" data-widget_type=\"text-editor.default\">\n\t\t\t\t<div class=\"elementor-widget-container\">\n\t\t\t\t\t\t\t\t<div class=\"smalltitle white margin-b16\">L&#8217;histoire<\/div>\t\t\t\t\t\t<\/div>\n\t\t\t\t<\/div>\n\t\t\t\t<div class=\"elementor-element elementor-element-f556e7f elementor-widget elementor-widget-shortcode\" data-id=\"f556e7f\" data-element_type=\"widget\" data-widget_type=\"shortcode.default\">\n\t\t\t\t<div class=\"elementor-widget-container\">\n\t\t\t\t\t<div class=\"elementor-shortcode\"><div class=\"owl-carousel owl-theme testimonial-slider\"><div class=\"testimonial-info\"><h2 class=\"white\" style=\"text-align: center;\">Groupe FLO<\/h2>\r\n<h4 class=\"testimonial-desc\" style=\"text-align: center;\">\u201cLife Is A Party, We Dedicate Ours To Make It Happen.\u201d<\/h4>\r\n<h4 class=\"testimonial-desc\" style=\"text-align: center;\">Over a century of experience in themed dining, placed under the sign of proximity, relaxation and conviviality, combined with unfailing standards in quality with respect to the service provided and the food being served, Groupe FLO is France\u2019s leading commercial restaurant group.<\/h4><\/div><div class=\"testimonial-info\"><h2 class=\"white\" style=\"text-align: center;\">L\u2019origine de FLO<\/h2>\r\n<h4 class=\"testimonial-desc\" style=\"text-align: center;\">In 1901 in Paris, Monsieur FOLDERER who reduced the length of his name giving birth to Brasserie FLO. More than half a century later, founder Jean-Paul BUCHER fell in love with the old brasserie and decided to turn it into a luxury brasserie.<\/h4>\r\n<h4 class=\"testimonial-desc\" style=\"text-align: center;\">Soon, so many Parisians flooded into the eatery that BUCHER soon created more Brasseries FLO to meet the demand and expanded across Paris and Europe. For over a century, the chic eatery has been a popular hangout for famous writers, artists and celebrities, such as PICASSO, former French Presidents MITTERRAND and CHIRAC, Coco CHANEL, Sophie MARCEAU, Ernest HEMINGWAY and more...<\/h4><\/div><\/div><\/div>\n\t\t\t\t<\/div>\n\t\t\t\t<\/div>\n\t\t\t\t\t<\/div>\n\t\t<\/div>\n\t\t\t\t\t\t\t<\/div>\n\t\t<\/section>\n\t\t\t\t<section class=\"elementor-section elementor-top-section elementor-element elementor-element-999da0d elementor-section-content-middle elementor-section-boxed elementor-section-height-default elementor-section-height-default\" data-id=\"999da0d\" data-element_type=\"section\" data-settings=\"{&quot;background_background&quot;:&quot;classic&quot;}\">\n\t\t\t\t\t\t<div class=\"elementor-container elementor-column-gap-default\">\n\t\t\t\t\t<div class=\"elementor-column elementor-col-25 elementor-top-column elementor-element elementor-element-12b0880\" data-id=\"12b0880\" data-element_type=\"column\">\n\t\t\t<div class=\"elementor-widget-wrap elementor-element-populated\">\n\t\t\t\t\t\t\t\t<div class=\"elementor-element elementor-element-b193947 elementor-widget elementor-widget-image\" data-id=\"b193947\" data-element_type=\"widget\" data-widget_type=\"image.default\">\n\t\t\t\t<div class=\"elementor-widget-container\">\n\t\t\t\t\t\t\t\t\t\t\t\t\t\t\t<img loading=\"lazy\" decoding=\"async\" width=\"1080\" height=\"1920\" src=\"https:\/\/groupefloasia.com\/maison\/wp-content\/uploads\/2021\/04\/WechatIMG1298-copy.jpeg\" class=\"attachment-full size-full\" alt=\"\" srcset=\"https:\/\/groupefloasia.com\/maison\/wp-content\/uploads\/2021\/04\/WechatIMG1298-copy.jpeg 1080w, https:\/\/groupefloasia.com\/maison\/wp-content\/uploads\/2021\/04\/WechatIMG1298-copy-169x300.jpeg 169w, https:\/\/groupefloasia.com\/maison\/wp-content\/uploads\/2021\/04\/WechatIMG1298-copy-576x1024.jpeg 576w, https:\/\/groupefloasia.com\/maison\/wp-content\/uploads\/2021\/04\/WechatIMG1298-copy-768x1365.jpeg 768w, https:\/\/groupefloasia.com\/maison\/wp-content\/uploads\/2021\/04\/WechatIMG1298-copy-864x1536.jpeg 864w\" sizes=\"auto, (max-width: 1080px) 100vw, 1080px\" \/>\t\t\t\t\t\t\t\t\t\t\t\t\t\t\t<\/div>\n\t\t\t\t<\/div>\n\t\t\t\t\t<\/div>\n\t\t<\/div>\n\t\t\t\t<div class=\"elementor-column elementor-col-25 elementor-top-column elementor-element elementor-element-a048120\" data-id=\"a048120\" data-element_type=\"column\">\n\t\t\t<div class=\"elementor-widget-wrap elementor-element-populated\">\n\t\t\t\t\t\t\t\t<div class=\"elementor-element elementor-element-31b0322 elementor-widget elementor-widget-image\" data-id=\"31b0322\" data-element_type=\"widget\" data-widget_type=\"image.default\">\n\t\t\t\t<div class=\"elementor-widget-container\">\n\t\t\t\t\t\t\t\t\t\t\t\t\t\t\t<img loading=\"lazy\" decoding=\"async\" width=\"1080\" height=\"1828\" src=\"https:\/\/groupefloasia.com\/maison\/wp-content\/uploads\/2021\/04\/640.png\" class=\"attachment-full size-full\" alt=\"\" srcset=\"https:\/\/groupefloasia.com\/maison\/wp-content\/uploads\/2021\/04\/640.png 1080w, https:\/\/groupefloasia.com\/maison\/wp-content\/uploads\/2021\/04\/640-177x300.png 177w, https:\/\/groupefloasia.com\/maison\/wp-content\/uploads\/2021\/04\/640-605x1024.png 605w, https:\/\/groupefloasia.com\/maison\/wp-content\/uploads\/2021\/04\/640-768x1300.png 768w, https:\/\/groupefloasia.com\/maison\/wp-content\/uploads\/2021\/04\/640-907x1536.png 907w\" sizes=\"auto, (max-width: 1080px) 100vw, 1080px\" \/>\t\t\t\t\t\t\t\t\t\t\t\t\t\t\t<\/div>\n\t\t\t\t<\/div>\n\t\t\t\t\t<\/div>\n\t\t<\/div>\n\t\t\t\t<div class=\"elementor-column elementor-col-50 elementor-top-column elementor-element elementor-element-f8b0ab0\" data-id=\"f8b0ab0\" data-element_type=\"column\">\n\t\t\t<div class=\"elementor-widget-wrap elementor-element-populated\">\n\t\t\t\t\t\t\t\t<div class=\"elementor-element elementor-element-dd68c79 elementor-widget elementor-widget-text-editor\" data-id=\"dd68c79\" data-element_type=\"widget\" data-widget_type=\"text-editor.default\">\n\t\t\t\t<div class=\"elementor-widget-container\">\n\t\t\t\t\t\t\t\t<div class=\"smalltitle margin-b16\">Maison Flo<\/div><h2 class=\"home-title\">Accolades<\/h2><p>November 2020, with the Beijing Michelin Guide released, Maison FLO was awarded a Michelin Plate for the 2nd year, few month later, Maison FLO has been awarded One Diamond Restaurant by Black Pearl Guide for 3 consecutive years at March 2021. This was the testament to their dedication and contributions to the Beijing restaurant market.<\/p>\t\t\t\t\t\t<\/div>\n\t\t\t\t<\/div>\n\t\t\t\t\t<\/div>\n\t\t<\/div>\n\t\t\t\t\t\t\t<\/div>\n\t\t<\/section>\n\t\t\t\t<section class=\"elementor-section elementor-top-section elementor-element elementor-element-53d5b99 elementor-section-content-middle elementor-section-boxed elementor-section-height-default elementor-section-height-default\" data-id=\"53d5b99\" data-element_type=\"section\">\n\t\t\t\t\t\t<div class=\"elementor-container elementor-column-gap-wide\">\n\t\t\t\t\t<div class=\"elementor-column elementor-col-66 elementor-top-column elementor-element elementor-element-687c7fa5\" data-id=\"687c7fa5\" data-element_type=\"column\">\n\t\t\t<div class=\"elementor-widget-wrap elementor-element-populated\">\n\t\t\t\t\t\t\t\t<div class=\"elementor-element elementor-element-1c27abc0 elementor-widget elementor-widget-text-editor\" data-id=\"1c27abc0\" data-element_type=\"widget\" data-widget_type=\"text-editor.default\">\n\t\t\t\t<div class=\"elementor-widget-container\">\n\t\t\t\t\t\t\t\t<div class=\"smalltitle margin-b16\" style=\"text-align: left;\">Le Chef<\/div>\n<h2 class=\"home-title\">Fr\u00e9d\u00e9rik BIZAT<\/h2>\n<p>Michelin Chef Fr\u00e9d\u00e9rik BIZAT was born in the southwest of France, in a charming and full of character city of St. Cer\u00e9. Fr\u00e9d\u00e9rik BIZAT perfected his skills at the Les Trois Soleils de Montal Hotel Restaurant under the esteemed French master Chef Alain DUTOURNIER. In 1999 he obtained his Michelin star.<\/p>\n<p>In November 2019, chef BIZAT officially became the long-term contracted consulting chef of FLO. Bringing Michelin-level technical guidance and monitor the quality and freshness of ingredients with stringent standards.<\/p>\t\t\t\t\t\t<\/div>\n\t\t\t\t<\/div>\n\t\t\t\t\t<\/div>\n\t\t<\/div>\n\t\t\t\t<div class=\"elementor-column elementor-col-33 elementor-top-column elementor-element elementor-element-72429bfe\" data-id=\"72429bfe\" data-element_type=\"column\">\n\t\t\t<div class=\"elementor-widget-wrap elementor-element-populated\">\n\t\t\t\t\t\t\t\t<div class=\"elementor-element elementor-element-52272b3 elementor-widget elementor-widget-image\" data-id=\"52272b3\" data-element_type=\"widget\" data-widget_type=\"image.default\">\n\t\t\t\t<div class=\"elementor-widget-container\">\n\t\t\t\t\t\t\t\t\t\t\t\t\t\t\t<img loading=\"lazy\" decoding=\"async\" width=\"1080\" height=\"1620\" src=\"https:\/\/groupefloasia.com\/maison\/wp-content\/uploads\/2021\/07\/WechatIMG2100-1.jpg\" class=\"attachment-full size-full\" alt=\"\" srcset=\"https:\/\/groupefloasia.com\/maison\/wp-content\/uploads\/2021\/07\/WechatIMG2100-1.jpg 1080w, https:\/\/groupefloasia.com\/maison\/wp-content\/uploads\/2021\/07\/WechatIMG2100-1-200x300.jpg 200w, https:\/\/groupefloasia.com\/maison\/wp-content\/uploads\/2021\/07\/WechatIMG2100-1-683x1024.jpg 683w, https:\/\/groupefloasia.com\/maison\/wp-content\/uploads\/2021\/07\/WechatIMG2100-1-768x1152.jpg 768w, https:\/\/groupefloasia.com\/maison\/wp-content\/uploads\/2021\/07\/WechatIMG2100-1-1024x1536.jpg 1024w\" sizes=\"auto, (max-width: 1080px) 100vw, 1080px\" \/>\t\t\t\t\t\t\t\t\t\t\t\t\t\t\t<\/div>\n\t\t\t\t<\/div>\n\t\t\t\t\t<\/div>\n\t\t<\/div>\n\t\t\t\t\t\t\t<\/div>\n\t\t<\/section>\n\t\t\t\t<section class=\"elementor-section elementor-top-section elementor-element elementor-element-b0b48c5 elementor-section-content-middle elementor-section-boxed elementor-section-height-default elementor-section-height-default\" data-id=\"b0b48c5\" data-element_type=\"section\">\n\t\t\t\t\t\t<div class=\"elementor-container elementor-column-gap-wide\">\n\t\t\t\t\t<div class=\"elementor-column elementor-col-66 elementor-top-column elementor-element elementor-element-52e11b0\" data-id=\"52e11b0\" data-element_type=\"column\">\n\t\t\t<div class=\"elementor-widget-wrap elementor-element-populated\">\n\t\t\t\t\t\t\t\t<div class=\"elementor-element elementor-element-90a2dae elementor-widget elementor-widget-text-editor\" data-id=\"90a2dae\" data-element_type=\"widget\" data-widget_type=\"text-editor.default\">\n\t\t\t\t<div class=\"elementor-widget-container\">\n\t\t\t\t\t\t\t\t<div class=\"smalltitle margin-b16\" style=\"text-align: left;\">Le Chef<\/div><h2 class=\"home-title\">Victor Yu<\/h2><p>Victor has always had a keen interest in French cuisine, promoted by the vibrant restaurant culture in cities like Paris. He lived and studied in France for five years, working in a number of Michelin-starred restaurants in Paris, which has given him a deep understanding of French cuisine and the culture behind it.<\/p><p>Despite his many accolades, Victor never stopped striving to improve his skills. For example, he took an advanced pastry course at Ferrandi Paris and studied under legendary French Michelin-starred chef Fr\u00e9d\u00e9rik Bizat. Victor\u2019s last visit to France cemented his personal love for French cuisine and enhanced his understanding of French culinary culture. He is committed to bringing this understanding to his work in China and passing it on to diners. <\/p>\t\t\t\t\t\t<\/div>\n\t\t\t\t<\/div>\n\t\t\t\t\t<\/div>\n\t\t<\/div>\n\t\t\t\t<div class=\"elementor-column elementor-col-33 elementor-top-column elementor-element elementor-element-db3b6c3\" data-id=\"db3b6c3\" data-element_type=\"column\">\n\t\t\t<div class=\"elementor-widget-wrap elementor-element-populated\">\n\t\t\t\t\t\t\t\t<div class=\"elementor-element elementor-element-908ac5b elementor-widget elementor-widget-image\" data-id=\"908ac5b\" data-element_type=\"widget\" data-widget_type=\"image.default\">\n\t\t\t\t<div class=\"elementor-widget-container\">\n\t\t\t\t\t\t\t\t\t\t\t\t\t\t\t<img loading=\"lazy\" decoding=\"async\" width=\"1080\" height=\"1620\" src=\"https:\/\/groupefloasia.com\/maison\/wp-content\/uploads\/2021\/04\/victor.001.jpeg\" class=\"attachment-full size-full\" alt=\"\" srcset=\"https:\/\/groupefloasia.com\/maison\/wp-content\/uploads\/2021\/04\/victor.001.jpeg 1080w, https:\/\/groupefloasia.com\/maison\/wp-content\/uploads\/2021\/04\/victor.001-200x300.jpeg 200w, https:\/\/groupefloasia.com\/maison\/wp-content\/uploads\/2021\/04\/victor.001-683x1024.jpeg 683w, https:\/\/groupefloasia.com\/maison\/wp-content\/uploads\/2021\/04\/victor.001-768x1152.jpeg 768w, https:\/\/groupefloasia.com\/maison\/wp-content\/uploads\/2021\/04\/victor.001-1024x1536.jpeg 1024w\" sizes=\"auto, (max-width: 1080px) 100vw, 1080px\" \/>\t\t\t\t\t\t\t\t\t\t\t\t\t\t\t<\/div>\n\t\t\t\t<\/div>\n\t\t\t\t\t<\/div>\n\t\t<\/div>\n\t\t\t\t\t\t\t<\/div>\n\t\t<\/section>\n\t\t\t\t\t\t<\/div>\n\t\t\t\t\t<\/div>\n\t\t","protected":false},"excerpt":{"rendered":"<p>Bienvenue Introduction In French \u2018Maison\u2019 means home, the sights, smells and flavour of FLO always embody every aspect of the good life. The distinction of Maison FLO elevated to new heights the service, attention to detail and mystic of this iconic outpost of French gastronomic excellence. see signature L&#8217;histoire Maison Flo Accolades November 2020, with the Beijing Michelin Guide released,&#8230;<\/p>\n","protected":false},"author":1,"featured_media":0,"parent":0,"menu_order":0,"comment_status":"closed","ping_status":"closed","template":"my-templates\/template-home.php","meta":{"footnotes":""},"class_list":["post-588","page","type-page","status-publish","hentry"],"yoast_head":"<!-- This site is optimized with the Yoast SEO plugin v16.8 - https:\/\/yoast.com\/wordpress\/plugins\/seo\/ -->\n<title>MAISON - More Than a Century of Tradition and Heritage of French Gastronomy<\/title>\n<meta name=\"robots\" content=\"index, follow, max-snippet:-1, max-image-preview:large, max-video-preview:-1\" \/>\n<link rel=\"canonical\" href=\"https:\/\/groupefloasia.com\/maison\/\" \/>\n<meta property=\"og:locale\" content=\"en_US\" \/>\n<meta property=\"og:type\" content=\"article\" \/>\n<meta property=\"og:title\" content=\"MAISON - More Than a Century of Tradition and Heritage of French Gastronomy\" \/>\n<meta property=\"og:description\" content=\"Bienvenue Introduction In French \u2018Maison\u2019 means home, the sights, smells and flavour of FLO always embody every aspect of the good life. The distinction of Maison FLO elevated to new heights the service, attention to detail and mystic of this iconic outpost of French gastronomic excellence. see signature L&#8217;histoire Maison Flo Accolades November 2020, with the Beijing Michelin Guide released,...\" \/>\n<meta property=\"og:url\" content=\"https:\/\/groupefloasia.com\/maison\/\" \/>\n<meta property=\"og:site_name\" content=\"MAISON\" \/>\n<meta property=\"article:modified_time\" content=\"2021-07-28T17:36:08+00:00\" \/>\n<meta property=\"og:image\" content=\"https:\/\/groupefloasia.com\/maison\/wp-content\/uploads\/2021\/04\/dinning.001.jpeg\" \/>\n<meta name=\"twitter:card\" content=\"summary_large_image\" \/>\n<meta name=\"twitter:label1\" content=\"Est. reading time\" \/>\n\t<meta name=\"twitter:data1\" content=\"4 minutes\" \/>\n<script type=\"application\/ld+json\" class=\"yoast-schema-graph\">{\"@context\":\"https:\/\/schema.org\",\"@graph\":[{\"@type\":\"WebSite\",\"@id\":\"https:\/\/groupefloasia.com\/maison\/#website\",\"url\":\"https:\/\/groupefloasia.com\/maison\/\",\"name\":\"MAISON\",\"description\":\"More Than a Century of Tradition and Heritage of French Gastronomy\",\"potentialAction\":[{\"@type\":\"SearchAction\",\"target\":{\"@type\":\"EntryPoint\",\"urlTemplate\":\"https:\/\/groupefloasia.com\/maison\/?s={search_term_string}\"},\"query-input\":\"required name=search_term_string\"}],\"inLanguage\":\"en-US\"},{\"@type\":\"ImageObject\",\"@id\":\"https:\/\/groupefloasia.com\/maison\/#primaryimage\",\"inLanguage\":\"en-US\",\"url\":\"https:\/\/groupefloasia.com\/maison\/wp-content\/uploads\/2021\/04\/dinning.001.jpeg\",\"contentUrl\":\"https:\/\/groupefloasia.com\/maison\/wp-content\/uploads\/2021\/04\/dinning.001.jpeg\",\"width\":1417,\"height\":2126},{\"@type\":\"WebPage\",\"@id\":\"https:\/\/groupefloasia.com\/maison\/#webpage\",\"url\":\"https:\/\/groupefloasia.com\/maison\/\",\"name\":\"MAISON - More Than a Century of Tradition and Heritage of French Gastronomy\",\"isPartOf\":{\"@id\":\"https:\/\/groupefloasia.com\/maison\/#website\"},\"primaryImageOfPage\":{\"@id\":\"https:\/\/groupefloasia.com\/maison\/#primaryimage\"},\"datePublished\":\"2018-05-16T13:04:01+00:00\",\"dateModified\":\"2021-07-28T17:36:08+00:00\",\"breadcrumb\":{\"@id\":\"https:\/\/groupefloasia.com\/maison\/#breadcrumb\"},\"inLanguage\":\"en-US\",\"potentialAction\":[{\"@type\":\"ReadAction\",\"target\":[\"https:\/\/groupefloasia.com\/maison\/\"]}]},{\"@type\":\"BreadcrumbList\",\"@id\":\"https:\/\/groupefloasia.com\/maison\/#breadcrumb\",\"itemListElement\":[{\"@type\":\"ListItem\",\"position\":1,\"name\":\"Home\"}]}]}<\/script>\n<!-- \/ Yoast SEO plugin. -->","yoast_head_json":{"title":"MAISON - More Than a Century of Tradition and Heritage of French Gastronomy","robots":{"index":"index","follow":"follow","max-snippet":"max-snippet:-1","max-image-preview":"max-image-preview:large","max-video-preview":"max-video-preview:-1"},"canonical":"https:\/\/groupefloasia.com\/maison\/","og_locale":"en_US","og_type":"article","og_title":"MAISON - More Than a Century of Tradition and Heritage of French Gastronomy","og_description":"Bienvenue Introduction In French \u2018Maison\u2019 means home, the sights, smells and flavour of FLO always embody every aspect of the good life. The distinction of Maison FLO elevated to new heights the service, attention to detail and mystic of this iconic outpost of French gastronomic excellence. see signature L&#8217;histoire Maison Flo Accolades November 2020, with the Beijing Michelin Guide released,...","og_url":"https:\/\/groupefloasia.com\/maison\/","og_site_name":"MAISON","article_modified_time":"2021-07-28T17:36:08+00:00","og_image":[{"url":"https:\/\/groupefloasia.com\/maison\/wp-content\/uploads\/2021\/04\/dinning.001.jpeg"}],"twitter_card":"summary_large_image","twitter_misc":{"Est. reading time":"4 minutes"},"schema":{"@context":"https:\/\/schema.org","@graph":[{"@type":"WebSite","@id":"https:\/\/groupefloasia.com\/maison\/#website","url":"https:\/\/groupefloasia.com\/maison\/","name":"MAISON","description":"More Than a Century of Tradition and Heritage of French Gastronomy","potentialAction":[{"@type":"SearchAction","target":{"@type":"EntryPoint","urlTemplate":"https:\/\/groupefloasia.com\/maison\/?s={search_term_string}"},"query-input":"required name=search_term_string"}],"inLanguage":"en-US"},{"@type":"ImageObject","@id":"https:\/\/groupefloasia.com\/maison\/#primaryimage","inLanguage":"en-US","url":"https:\/\/groupefloasia.com\/maison\/wp-content\/uploads\/2021\/04\/dinning.001.jpeg","contentUrl":"https:\/\/groupefloasia.com\/maison\/wp-content\/uploads\/2021\/04\/dinning.001.jpeg","width":1417,"height":2126},{"@type":"WebPage","@id":"https:\/\/groupefloasia.com\/maison\/#webpage","url":"https:\/\/groupefloasia.com\/maison\/","name":"MAISON - More Than a Century of Tradition and Heritage of French Gastronomy","isPartOf":{"@id":"https:\/\/groupefloasia.com\/maison\/#website"},"primaryImageOfPage":{"@id":"https:\/\/groupefloasia.com\/maison\/#primaryimage"},"datePublished":"2018-05-16T13:04:01+00:00","dateModified":"2021-07-28T17:36:08+00:00","breadcrumb":{"@id":"https:\/\/groupefloasia.com\/maison\/#breadcrumb"},"inLanguage":"en-US","potentialAction":[{"@type":"ReadAction","target":["https:\/\/groupefloasia.com\/maison\/"]}]},{"@type":"BreadcrumbList","@id":"https:\/\/groupefloasia.com\/maison\/#breadcrumb","itemListElement":[{"@type":"ListItem","position":1,"name":"Home"}]}]}},"_links":{"self":[{"href":"https:\/\/groupefloasia.com\/maison\/wp-json\/wp\/v2\/pages\/588","targetHints":{"allow":["GET"]}}],"collection":[{"href":"https:\/\/groupefloasia.com\/maison\/wp-json\/wp\/v2\/pages"}],"about":[{"href":"https:\/\/groupefloasia.com\/maison\/wp-json\/wp\/v2\/types\/page"}],"author":[{"embeddable":true,"href":"https:\/\/groupefloasia.com\/maison\/wp-json\/wp\/v2\/users\/1"}],"replies":[{"embeddable":true,"href":"https:\/\/groupefloasia.com\/maison\/wp-json\/wp\/v2\/comments?post=588"}],"version-history":[{"count":94,"href":"https:\/\/groupefloasia.com\/maison\/wp-json\/wp\/v2\/pages\/588\/revisions"}],"predecessor-version":[{"id":2454,"href":"https:\/\/groupefloasia.com\/maison\/wp-json\/wp\/v2\/pages\/588\/revisions\/2454"}],"wp:attachment":[{"href":"https:\/\/groupefloasia.com\/maison\/wp-json\/wp\/v2\/media?parent=588"}],"curies":[{"name":"wp","href":"https:\/\/api.w.org\/{rel}","templated":true}]}}